{"id":31,"date":"2014-09-02T10:00:44","date_gmt":"2014-09-02T07:00:44","guid":{"rendered":"https:\/\/tuomolaakso.art\/?page_id=31"},"modified":"2025-10-21T10:29:18","modified_gmt":"2025-10-21T07:29:18","slug":"cv","status":"publish","type":"page","link":"https:\/\/tuomolaakso.art\/en\/cv\/","title":{"rendered":"CV"},"content":{"rendered":"<p>EDUCATION<\/p>\n\n\n\n<p><strong>2018-2019<\/strong>&nbsp; &nbsp;Art Academy Of Finland (Master Of Fine Arts)<\/p>\n\n\n\n<p><strong>2003- 2007<\/strong>&nbsp; Art Institute Of LAhti Polytechnic (Visual Artist)<\/p>\n\n\n\n<p><strong>2007-2008&nbsp; &nbsp;<\/strong>I. E. Repin Institute, Course in Kotka<\/p>\n\n\n\n<p><strong>2005&nbsp; &nbsp; &nbsp; &nbsp; &nbsp; &nbsp;   &nbsp;<\/strong>Myndlistanskoulinn a Akureyri \/ Islanti, student exchange<\/p>\n\n\n\n<p><strong>2002-2003&nbsp; &nbsp;<\/strong>Liminka Folk High School<\/p>\n\n\n\n<div style=\"height:var(--wp--preset--spacing--40)\" aria-hidden=\"true\" class=\"wp-block-spacer\"><\/div>\n\n\n\n<p>SOLO EXHIBITIONS<\/p>\n\n\n\n<p><strong>2025      <\/strong>\u201dTwo Evenings, Two Mornings&#8221;, Huuto Gallery, Helsinki<\/p>\n\n\n\n<p><strong>2025      <\/strong>&#8220;Prophet&#8221;, M\u00e4ltinranta Art Center, Tampere<\/p>\n\n\n\n<p><strong>2024&nbsp; &nbsp; &nbsp; <\/strong>&#8220;It Felt Real&#8221;, Ama Gallery, Helsinki<\/p>\n\n\n\n<p><span class=\"s1\"><strong>2022<\/strong>&nbsp; &nbsp; &nbsp; \u201dNightjar\u201d, TM-Gallery, Helsinki<\/span><\/p>\n\n\n\n<p><strong>2017&nbsp; &nbsp; &nbsp;&nbsp;<\/strong>&#8220;Spirit And Emptiness&#8221;,&nbsp; Huuto Gallery, Helsinki<\/p>\n\n\n\n<p><strong>2016 &nbsp; &nbsp; &nbsp;<\/strong>Gallery G12, Kuopio<\/p>\n\n\n\n<p><strong>2015 &nbsp; &nbsp; &nbsp;<\/strong>&#8220;Grace&#8221;, Katariina Gallery, Helsinki<\/p>\n\n\n\n<p><strong>2010&nbsp;&nbsp;&nbsp;&nbsp;&nbsp;<\/strong>&#8220;&#8216;Strange Scent&#8217; And Other Paintings, Uusi Kipin\u00e4 Gallery, Lahti<\/p>\n\n\n\n<p><strong>2004<\/strong>&nbsp;&nbsp;&nbsp;&nbsp;&nbsp; &#8220;Luomus \u2013 Lumous&#8221;, Nuku, Oulu<\/p>\n\n\n\n<div style=\"height:var(--wp--preset--spacing--40)\" aria-hidden=\"true\" class=\"wp-block-spacer\"><\/div>\n\n\n\n<p>SELECTED GROUP EXHIBITIONS<\/p>\n\n\n\n<p><strong>2024      <\/strong>&#8220;Wanderlust&#8221;, Hanko Art Gallery<\/p>\n\n\n\n<p><span class=\"s1\"><strong>2021&nbsp;<\/strong>&nbsp; &nbsp; &nbsp; \u201dErgs, Sar, igs\u201d, Glasshouse Gallery, Helsinki<\/span><\/p>\n\n\n\n<p><span class=\"s1\"><strong>2019&nbsp;<\/strong>&nbsp;&nbsp; &nbsp; &nbsp; \u201dGentle Interventions\u201d, Ama Gallery, Helsinki<\/span><\/p>\n\n\n\n<p><strong>2017 &nbsp; &nbsp; &nbsp; &nbsp;<\/strong>&#8220;Hidden In Cloth&#8221;, Heinola Art Museum<\/p>\n\n\n\n<p><b>2016 &nbsp; &nbsp;<\/b>   Union Of Finnish Art Associations&#8217; Theme Exhibition &#8220;Death&#8221;, Mikkeli<\/p>\n\n\n\n<p><strong>2016 &nbsp; &nbsp; &nbsp; &nbsp;<\/strong>Ars K\u00e4rs\u00e4m\u00e4ki<\/p>\n\n\n\n<p><strong>2015 &nbsp; &nbsp; &nbsp; &nbsp;<\/strong>Heinola Art Association, 40th Anniversary Exhibition<\/p>\n\n\n\n<p><strong>2015 &nbsp; &nbsp; &nbsp;&nbsp;<\/strong>&#8220;Kuvan t\u00e4ydelt\u00e4&#8221;, Purnu Art Center, Orivesi<\/p>\n\n\n\n<p><strong>2012&nbsp;&nbsp;&nbsp;&nbsp;<\/strong>   Salmela Art Center, M\u00e4ntyharju<\/p>\n\n\n\n<p><strong>2011&nbsp;&nbsp;&nbsp;&nbsp;<\/strong>    Billn\u00e4s Young Artists, Fiskars<\/p>\n\n\n\n<p><strong>2012&nbsp;&nbsp;&nbsp;&nbsp;&nbsp;&nbsp;&nbsp;<\/strong>Musterzimmer, Berliini<\/p>\n\n\n\n<p><strong>2011&nbsp;&nbsp;&nbsp;&nbsp;&nbsp;&nbsp;&nbsp;<\/strong>&#8220;Image Of Being&#8221;, Keuruu Art Museum<\/p>\n\n\n\n<p><strong>2009&nbsp;&nbsp;&nbsp;&nbsp;<\/strong>   Union Of Finnish Art Associations&#8217; Exhibition, Kouvola Art Museum<\/p>\n\n\n\n<p><strong>2009&nbsp;&nbsp;&nbsp;&nbsp;&nbsp;&nbsp;&nbsp;<\/strong>&#8220;Kolme eri henkil\u00f6\u00e4&#8221;, Galleria Johan S., Helsinki<\/p>\n\n\n\n<p><strong>2009&nbsp;&nbsp;&nbsp;&nbsp;&nbsp;&nbsp;&nbsp;<\/strong>&#8220;V\u00e4h\u00e4n ennen&#8221;, Taidekeskus M\u00e4ltinranta, Tampere<\/p>\n\n\n\n<p><strong>2005<\/strong>&nbsp;&nbsp;&nbsp;&nbsp;&nbsp; Kulttuurikeskus Deiglan, Akureyri \/ Islanti<\/p>\n\n\n\n<div style=\"height:var(--wp--preset--spacing--40)\" aria-hidden=\"true\" class=\"wp-block-spacer\"><\/div>\n\n\n\n<p>MEMBERSHIPS<\/p>\n\n\n\n<p>Finnish Painters&#8217; Union<\/p>\n\n\n\n<p>Helsinki Artists&#8217; Association<\/p>\n\n\n\n<p>Kuvasto<\/p>\n\n\n\n<div style=\"height:var(--wp--preset--spacing--40)\" aria-hidden=\"true\" class=\"wp-block-spacer\"><\/div>\n\n\n\n<p>SCHOLARSHIPS AND GRANTS<\/p>\n\n\n\n<p>William Thuring -nominated prize, 2023<\/p>\n\n\n\n<p>The Finnish Cultural Foundation<\/p>\n\n\n\n<p>Arts Promotion Centre Finland<\/p>\n\n\n\n<p>Finnish Art Society, Young artist grant, 2014<\/p>\n\n\n\n<p>Kauno ry:n project funding<\/p>\n\n\n\n<p>Arts Promotion Centre Finland, Art Council Of H\u00e4me<\/p>\n\n\n\n<p>Liminka Folk High School, Exhibition scholarship, 2003<\/p>\n\n\n\n<div style=\"height:var(--wp--preset--spacing--40)\" aria-hidden=\"true\" class=\"wp-block-spacer\"><\/div>\n\n\n\n<p>WORKS IN COLLECTIONS<\/p>\n\n\n\n<p><span class=\"s1\">Finnish National Gallery (Kiasma)<\/span><\/p>\n\n\n\n<p>Tampere Art Museum<\/p>\n\n\n\n<p>Pori Art Museum (collection of A.J.)<\/p>\n\n\n\n<p>Heinola Art Museum<\/p>\n\n\n\n<p><span class=\"s1\">Saastamoinen Foundation<\/span><\/p>\n\n\n\n<p>Collection of <span class=\"s1\">Jenny and Antti Wihuri foundation<\/span><\/p>\n\n\n\n<p>Finnish Art Society<\/p>\n\n\n\n<p>Collection of <span class=\"s1\">Kauko Sorjonen foundation<\/span><\/p>\n\n\n\n<p><\/p>","protected":false},"excerpt":{"rendered":"<p>EDUCATION 2018-2019&nbsp; &nbsp;Art Academy Of Finland (Master Of Fine Arts) 2003- 2007&nbsp; Art Institute Of LAhti Polytechnic (Visual Artist) 2007-2008&nbsp; &nbsp;I. E. Repin Institute, Course in Kotka 2005&nbsp; &nbsp; &nbsp; &nbsp; &nbsp; &nbsp; &nbsp;Myndlistanskoulinn a Akureyri \/ Islanti, student exchange 2002-2003&nbsp; &nbsp;Liminka Folk High School SOLO EXHIBITIONS 2025 \u201dTwo Evenings, Two Mornings&#8221;, Huuto Gallery, Helsinki [&hellip;]<\/p>\n","protected":false},"author":1,"featured_media":0,"parent":0,"menu_order":0,"comment_status":"closed","ping_status":"closed","template":"","meta":{"footnotes":""},"class_list":["post-31","page","type-page","status-publish","hentry"],"_links":{"self":[{"href":"https:\/\/tuomolaakso.art\/en\/wp-json\/wp\/v2\/pages\/31","targetHints":{"allow":["GET"]}}],"collection":[{"href":"https:\/\/tuomolaakso.art\/en\/wp-json\/wp\/v2\/pages"}],"about":[{"href":"https:\/\/tuomolaakso.art\/en\/wp-json\/wp\/v2\/types\/page"}],"author":[{"embeddable":true,"href":"https:\/\/tuomolaakso.art\/en\/wp-json\/wp\/v2\/users\/1"}],"replies":[{"embeddable":true,"href":"https:\/\/tuomolaakso.art\/en\/wp-json\/wp\/v2\/comments?post=31"}],"version-history":[{"count":94,"href":"https:\/\/tuomolaakso.art\/en\/wp-json\/wp\/v2\/pages\/31\/revisions"}],"predecessor-version":[{"id":835,"href":"https:\/\/tuomolaakso.art\/en\/wp-json\/wp\/v2\/pages\/31\/revisions\/835"}],"wp:attachment":[{"href":"https:\/\/tuomolaakso.art\/en\/wp-json\/wp\/v2\/media?parent=31"}],"curies":[{"name":"wp","href":"https:\/\/api.w.org\/{rel}","templated":true}]}}